{"id":7,"date":"2021-02-28T20:06:36","date_gmt":"2021-02-28T20:06:36","guid":{"rendered":"http:\/\/zi-deschisa.ro\/ofi\/?page_id=7"},"modified":"2021-03-07T19:26:41","modified_gmt":"2021-03-07T19:26:41","slug":"contact","status":"publish","type":"page","link":"https:\/\/zi-deschisa.ro\/ofi\/index.php\/contact\/","title":{"rendered":"Contact"},"content":{"rendered":"\n<p>Poti lua legatura cu noi la urmatoarea adresa:<\/p>\n\n\n\n<p><strong>Fundatia ZI DESCHISA<\/strong><\/p>\n\n\n\n<p><strong>FOC\u015eANI JUDE\u0162UL VRANCEA<\/strong><\/p>\n\n\n\n<p>Sediul Calea Moldovei 59<\/p>\n\n\n\n<p>CIF: 26377285<\/p>\n\n\n\n<p><strong>E-mail:&nbsp;<\/strong>zideschisa@yahoo.com<\/p>\n\n\n\n<p><strong>Pentru informa\u021bii detaliate despre celelalte programe cofinan\u021bate de Uniunea European\u0103, v\u0103 invit\u0103m s\u0103 vizita\u021bi\u00a0<a href=\"http:\/\/www.fonduri-ue.ro\/\">www.fonduri-ue.ro<\/a><\/strong><\/p>\n\n\n\n<figure class=\"wp-block-image size-large\"><img loading=\"lazy\" width=\"1024\" height=\"226\" src=\"https:\/\/zi-deschisa.ro\/ofi\/wp-content\/uploads\/2021\/02\/roll-1-1024x226.png\" alt=\"\" class=\"wp-image-32\" srcset=\"https:\/\/zi-deschisa.ro\/ofi\/wp-content\/uploads\/2021\/02\/roll-1-1024x226.png 1024w, https:\/\/zi-deschisa.ro\/ofi\/wp-content\/uploads\/2021\/02\/roll-1-300x66.png 300w, https:\/\/zi-deschisa.ro\/ofi\/wp-content\/uploads\/2021\/02\/roll-1-768x169.png 768w, https:\/\/zi-deschisa.ro\/ofi\/wp-content\/uploads\/2021\/02\/roll-1-1536x339.png 1536w, https:\/\/zi-deschisa.ro\/ofi\/wp-content\/uploads\/2021\/02\/roll-1-1568x346.png 1568w, https:\/\/zi-deschisa.ro\/ofi\/wp-content\/uploads\/2021\/02\/roll-1.png 1595w\" sizes=\"(max-width: 1024px) 100vw, 1024px\" \/><\/figure>\n","protected":false},"excerpt":{"rendered":"<p>Poti lua legatura cu noi la urmatoarea adresa: Fundatia ZI DESCHISA FOC\u015eANI JUDE\u0162UL VRANCEA Sediul Calea Moldovei 59 CIF: 26377285 E-mail:&nbsp;zideschisa@yahoo.com Pentru informa\u021bii detaliate despre celelalte programe cofinan\u021bate de Uniunea European\u0103, v\u0103 invit\u0103m s\u0103 vizita\u021bi\u00a0www.fonduri-ue.ro<\/p>\n","protected":false},"author":1,"featured_media":0,"parent":0,"menu_order":0,"comment_status":"closed","ping_status":"closed","template":"","meta":[],"_links":{"self":[{"href":"https:\/\/zi-deschisa.ro\/ofi\/index.php\/wp-json\/wp\/v2\/pages\/7"}],"collection":[{"href":"https:\/\/zi-deschisa.ro\/ofi\/index.php\/wp-json\/wp\/v2\/pages"}],"about":[{"href":"https:\/\/zi-deschisa.ro\/ofi\/index.php\/wp-json\/wp\/v2\/types\/page"}],"author":[{"embeddable":true,"href":"https:\/\/zi-deschisa.ro\/ofi\/index.php\/wp-json\/wp\/v2\/users\/1"}],"replies":[{"embeddable":true,"href":"https:\/\/zi-deschisa.ro\/ofi\/index.php\/wp-json\/wp\/v2\/comments?post=7"}],"version-history":[{"count":3,"href":"https:\/\/zi-deschisa.ro\/ofi\/index.php\/wp-json\/wp\/v2\/pages\/7\/revisions"}],"predecessor-version":[{"id":65,"href":"https:\/\/zi-deschisa.ro\/ofi\/index.php\/wp-json\/wp\/v2\/pages\/7\/revisions\/65"}],"wp:attachment":[{"href":"https:\/\/zi-deschisa.ro\/ofi\/index.php\/wp-json\/wp\/v2\/media?parent=7"}],"curies":[{"name":"wp","href":"https:\/\/api.w.org\/{rel}","templated":true}]}}