{"id":39,"date":"2021-02-28T20:36:56","date_gmt":"2021-02-28T20:36:56","guid":{"rendered":"http:\/\/zi-deschisa.ro\/ofi\/?page_id=39"},"modified":"2021-03-07T19:30:03","modified_gmt":"2021-03-07T19:30:03","slug":"proiecte","status":"publish","type":"page","link":"https:\/\/zi-deschisa.ro\/ofi\/index.php\/proiecte\/","title":{"rendered":"Proiecte"},"content":{"rendered":"\n<p><a href=\"http:\/\/www.zi-deschisa.ro\/afacerea-mea\"><strong>POCU ID105847 \u2013 AFACEREA MEA!<\/strong><\/a><\/p>\n\n\n\n<p>Obiectivul General este dezvoltarea antreprenoriatului si ocuparii pe cont propriu in regiunea Sud-Est, prin implementarea unor instrumente de sprijin pentru \u00eenfiin\u021barea si dezvoltarea a minimum 37 de \u00eentreprinderi cu profil nonagricol \u00een zona urban\u0103.<\/p>\n\n\n\n<p><a href=\"http:\/\/www.zi-deschisa.ro\/proiect147941.htm\"><strong>POSDRU ID147941 \u2013 EGAL ACCES \u2013 ACCESUL LA LOCURI DE MUNCA PRIN INTERMEDIUL ECONOMIEI<\/strong><\/a><\/p>\n\n\n\n<p><strong>POSDRU ID148926 \u2013 ANTREPRENORIAT SOCIAL IN REGIUNILE NORD-VEST, SUD-EST<\/strong><\/p>\n\n\n\n<p><a href=\"http:\/\/www.zi-deschisa.ro\/posdru\/148034\"><strong>POSDRU ID148034 \u2013 ESSE ECONOMIE SOCIALA SUSTENABILA IN SE<\/strong><\/a><\/p>\n\n\n\n<p><strong>POSDRU ID155068 \u2013 \u201eUN NOU INCEPUT \u2013 MASURI ACTIVE INTEGRATE DE OCUPARE PENTRU PERSOANELE FARA LOC DE MUNCA DIN ZONELE DEFAVORIZATE ALE REGIUNILOR SUD EST SI SUD MUNTENIA<\/strong><\/p>\n\n\n\n<p>Poti afla mai multe detalii despre proiectele noastre pe pagina:&nbsp;<a href=\"https:\/\/zi-deschisa.ro\/proiecte.htm\">https:\/\/zi-deschisa.ro<\/a><\/p>\n","protected":false},"excerpt":{"rendered":"<p>POCU ID105847 \u2013 AFACEREA MEA! Obiectivul General este dezvoltarea antreprenoriatului si ocuparii pe cont propriu in regiunea Sud-Est, prin implementarea unor instrumente de sprijin pentru \u00eenfiin\u021barea si dezvoltarea a minimum 37 de \u00eentreprinderi cu profil nonagricol \u00een zona urban\u0103. POSDRU ID147941 \u2013 EGAL ACCES \u2013 ACCESUL LA LOCURI DE MUNCA PRIN INTERMEDIUL ECONOMIEI POSDRU ID148926&hellip; <a class=\"more-link\" href=\"https:\/\/zi-deschisa.ro\/ofi\/index.php\/proiecte\/\">Continue reading <span class=\"screen-reader-text\">Proiecte<\/span><\/a><\/p>\n","protected":false},"author":1,"featured_media":0,"parent":0,"menu_order":0,"comment_status":"closed","ping_status":"closed","template":"","meta":[],"_links":{"self":[{"href":"https:\/\/zi-deschisa.ro\/ofi\/index.php\/wp-json\/wp\/v2\/pages\/39"}],"collection":[{"href":"https:\/\/zi-deschisa.ro\/ofi\/index.php\/wp-json\/wp\/v2\/pages"}],"about":[{"href":"https:\/\/zi-deschisa.ro\/ofi\/index.php\/wp-json\/wp\/v2\/types\/page"}],"author":[{"embeddable":true,"href":"https:\/\/zi-deschisa.ro\/ofi\/index.php\/wp-json\/wp\/v2\/users\/1"}],"replies":[{"embeddable":true,"href":"https:\/\/zi-deschisa.ro\/ofi\/index.php\/wp-json\/wp\/v2\/comments?post=39"}],"version-history":[{"count":4,"href":"https:\/\/zi-deschisa.ro\/ofi\/index.php\/wp-json\/wp\/v2\/pages\/39\/revisions"}],"predecessor-version":[{"id":70,"href":"https:\/\/zi-deschisa.ro\/ofi\/index.php\/wp-json\/wp\/v2\/pages\/39\/revisions\/70"}],"wp:attachment":[{"href":"https:\/\/zi-deschisa.ro\/ofi\/index.php\/wp-json\/wp\/v2\/media?parent=39"}],"curies":[{"name":"wp","href":"https:\/\/api.w.org\/{rel}","templated":true}]}}